{"id":1750,"date":"2020-03-19T11:33:51","date_gmt":"2020-03-19T09:33:51","guid":{"rendered":"http:\/\/www.ggs-oberwinzerfeld.de\/?page_id=1750"},"modified":"2020-03-19T11:33:56","modified_gmt":"2020-03-19T09:33:56","slug":"brief-an-die-growis","status":"publish","type":"page","link":"https:\/\/www.ggs-oberwinzerfeld.de\/?page_id=1750","title":{"rendered":"Brief an die GROWIS"},"content":{"rendered":"<p>Liebe Growis,<\/p>\n<p>wir wissen, dass es f\u00fcr euch zu Hause ohne Schule ziemlich langweilig sein kann. Wir vermissen euch auch sehr! \u00a0Bitte erledigt eure Aufgaben so gut ihr k\u00f6nnt und es kommen vor den Osterferien auch keine neuen Aufgaben mehr. Vielleicht habt Lust an unserem &#8222;Schulkunstwettbewerb&#8220; teilzunehmen.<\/p>\n<p>Wie sieht das Virus &#8222;Corona&#8220; eigentlich aus? Malt, bastelt, knetet&#8230;.was das Zeug h\u00e4lt! Eure Ergebnisse bringt ihr bitte am ersten Schultag nach den Osterferien mit! Es gibt auf jeden Fall Gewinne f\u00fcr die einzelnen Jahrg\u00e4nge.<\/p>\n<p>Bleibt gesund und munter, wir freuen uns schon auf euch und eure Kunstwerke!<\/p>\n<p>Barbara Bickert-Brenneken und Michaela Kalsow<\/p>\n","protected":false},"excerpt":{"rendered":"<p>Liebe Growis, wir wissen, dass es f\u00fcr euch zu Hause ohne Schule ziemlich langweilig sein kann. Wir vermissen euch auch sehr! \u00a0Bitte erledigt eure Aufgaben so gut ihr k\u00f6nnt und es kommen vor den Osterferien auch keine neuen Aufgaben mehr. &hellip; <a class=\"more-link\" href=\"https:\/\/www.ggs-oberwinzerfeld.de\/?page_id=1750\">Weiterlesen <span class=\"meta-nav\">&rarr;<\/span><\/a><\/p>\n","protected":false},"author":2,"featured_media":0,"parent":0,"menu_order":0,"comment_status":"closed","ping_status":"closed","template":"","meta":[],"_links":{"self":[{"href":"https:\/\/www.ggs-oberwinzerfeld.de\/index.php?rest_route=\/wp\/v2\/pages\/1750"}],"collection":[{"href":"https:\/\/www.ggs-oberwinzerfeld.de\/index.php?rest_route=\/wp\/v2\/pages"}],"about":[{"href":"https:\/\/www.ggs-oberwinzerfeld.de\/index.php?rest_route=\/wp\/v2\/types\/page"}],"author":[{"embeddable":true,"href":"https:\/\/www.ggs-oberwinzerfeld.de\/index.php?rest_route=\/wp\/v2\/users\/2"}],"replies":[{"embeddable":true,"href":"https:\/\/www.ggs-oberwinzerfeld.de\/index.php?rest_route=%2Fwp%2Fv2%2Fcomments&post=1750"}],"version-history":[{"count":1,"href":"https:\/\/www.ggs-oberwinzerfeld.de\/index.php?rest_route=\/wp\/v2\/pages\/1750\/revisions"}],"predecessor-version":[{"id":1751,"href":"https:\/\/www.ggs-oberwinzerfeld.de\/index.php?rest_route=\/wp\/v2\/pages\/1750\/revisions\/1751"}],"wp:attachment":[{"href":"https:\/\/www.ggs-oberwinzerfeld.de\/index.php?rest_route=%2Fwp%2Fv2%2Fmedia&parent=1750"}],"curies":[{"name":"wp","href":"https:\/\/api.w.org\/{rel}","templated":true}]}}