{"id":1813,"date":"2020-06-07T12:04:50","date_gmt":"2020-06-07T10:04:50","guid":{"rendered":"http:\/\/www.ggs-oberwinzerfeld.de\/?page_id=1813"},"modified":"2021-10-07T15:53:25","modified_gmt":"2021-10-07T13:53:25","slug":"growiathek","status":"publish","type":"page","link":"https:\/\/www.ggs-oberwinzerfeld.de\/?page_id=1813","title":{"rendered":"Growiathek"},"content":{"rendered":"<div style=\"width: 1280px;\" class=\"wp-video\"><!--[if lt IE 9]><script>document.createElement('video');<\/script><![endif]-->\n<video class=\"wp-video-shortcode\" id=\"video-1813-1\" width=\"1280\" height=\"720\" preload=\"metadata\" controls=\"controls\"><source type=\"video\/mp4\" src=\"http:\/\/www.ggs-oberwinzerfeld.de\/wp-content\/uploads\/2021\/10\/Erstis-2021.mp4?_=1\" \/><a href=\"http:\/\/www.ggs-oberwinzerfeld.de\/wp-content\/uploads\/2021\/10\/Erstis-2021.mp4\">http:\/\/www.ggs-oberwinzerfeld.de\/wp-content\/uploads\/2021\/10\/Erstis-2021.mp4<\/a><\/video><\/div>\n<p>&nbsp;<\/p>\n<!--[if lt IE 9]><script>document.createElement('audio');<\/script><![endif]-->\n<audio class=\"wp-audio-shortcode\" id=\"audio-1813-1\" preload=\"none\" style=\"width: 100%;\" controls=\"controls\"><source type=\"audio\/mpeg\" src=\"http:\/\/www.ggs-oberwinzerfeld.de\/wp-content\/uploads\/2020\/06\/GROWI-Lied.mp3?_=1\" \/><a href=\"http:\/\/www.ggs-oberwinzerfeld.de\/wp-content\/uploads\/2020\/06\/GROWI-Lied.mp3\">http:\/\/www.ggs-oberwinzerfeld.de\/wp-content\/uploads\/2020\/06\/GROWI-Lied.mp3<\/a><\/audio>\n<p>Hier k\u00f6nnt ihr unsere Growihymmne h\u00f6ren und mitsingen!<\/p>\n<p>&nbsp;<\/p>\n<p>Klicke das Wort &#8222;Simba&#8220; an und du kannst sehen, was unser Schulhund f\u00fcr seine Sicherheit tut!<\/p>\n<p><a href=\"http:\/\/www.ggs-oberwinzerfeld.de\/wp-content\/uploads\/2020\/06\/Simba.mov\">Simba<\/a><\/p>\n<p>Hier unten k\u00f6nnt ihr sehen, wie es in unserer Schule aussieht!<\/p>\n<div style=\"width: 1280px;\" class=\"wp-video\"><video class=\"wp-video-shortcode\" id=\"video-1813-2\" width=\"1280\" height=\"720\" preload=\"metadata\" controls=\"controls\"><source type=\"video\/mp4\" src=\"http:\/\/www.ggs-oberwinzerfeld.de\/wp-content\/uploads\/2020\/10\/Video-Schule.mp4?_=2\" \/><a href=\"http:\/\/www.ggs-oberwinzerfeld.de\/wp-content\/uploads\/2020\/10\/Video-Schule.mp4\">http:\/\/www.ggs-oberwinzerfeld.de\/wp-content\/uploads\/2020\/10\/Video-Schule.mp4<\/a><\/video><\/div>\n","protected":false},"excerpt":{"rendered":"<p>&nbsp; Hier k\u00f6nnt ihr unsere Growihymmne h\u00f6ren und mitsingen! &nbsp; Klicke das Wort &#8222;Simba&#8220; an und du kannst sehen, was unser Schulhund f\u00fcr seine Sicherheit tut! Simba Hier unten k\u00f6nnt ihr sehen, wie es in unserer Schule aussieht! &hellip; <a class=\"more-link\" href=\"https:\/\/www.ggs-oberwinzerfeld.de\/?page_id=1813\">Weiterlesen <span class=\"meta-nav\">&rarr;<\/span><\/a><\/p>\n","protected":false},"author":2,"featured_media":0,"parent":0,"menu_order":0,"comment_status":"closed","ping_status":"closed","template":"","meta":[],"_links":{"self":[{"href":"https:\/\/www.ggs-oberwinzerfeld.de\/index.php?rest_route=\/wp\/v2\/pages\/1813"}],"collection":[{"href":"https:\/\/www.ggs-oberwinzerfeld.de\/index.php?rest_route=\/wp\/v2\/pages"}],"about":[{"href":"https:\/\/www.ggs-oberwinzerfeld.de\/index.php?rest_route=\/wp\/v2\/types\/page"}],"author":[{"embeddable":true,"href":"https:\/\/www.ggs-oberwinzerfeld.de\/index.php?rest_route=\/wp\/v2\/users\/2"}],"replies":[{"embeddable":true,"href":"https:\/\/www.ggs-oberwinzerfeld.de\/index.php?rest_route=%2Fwp%2Fv2%2Fcomments&post=1813"}],"version-history":[{"count":11,"href":"https:\/\/www.ggs-oberwinzerfeld.de\/index.php?rest_route=\/wp\/v2\/pages\/1813\/revisions"}],"predecessor-version":[{"id":2069,"href":"https:\/\/www.ggs-oberwinzerfeld.de\/index.php?rest_route=\/wp\/v2\/pages\/1813\/revisions\/2069"}],"wp:attachment":[{"href":"https:\/\/www.ggs-oberwinzerfeld.de\/index.php?rest_route=%2Fwp%2Fv2%2Fmedia&parent=1813"}],"curies":[{"name":"wp","href":"https:\/\/api.w.org\/{rel}","templated":true}]}}