{"id":20,"date":"2013-10-13T11:45:46","date_gmt":"2013-10-13T09:45:46","guid":{"rendered":"http:\/\/www.ggs-oberwinzerfeld.de\/?page_id=20"},"modified":"2014-05-25T14:23:17","modified_gmt":"2014-05-25T12:23:17","slug":"chronik","status":"publish","type":"page","link":"https:\/\/www.ggs-oberwinzerfeld.de\/?page_id=20","title":{"rendered":"Chronik"},"content":{"rendered":"<p><center><b>Baujahr der Schule 1961<\/b><\/center>Das Geb\u00e4ude der GGS Oberwinzerfeld wurde 1961 bezogen, das der ehem. GHS 1963.<\/p>\n<p><center><b>Gr\u00fcndung der GS 1968<\/b><\/center>Die Stadt Hattingen baute hier auf dem H\u00f6henr\u00fccken \u201eLangehorst\u201c ab 1960 die Volksschule Oberwinzerfeld als Nachfolgegeb\u00e4ude der alten \u201eVolksschule (St\u00e4dt. Gemeinschaftsschule) Ruhrbr\u00fccke\u201c. Vor und nach dem Kriege war Herr Winkemann Rektor in der Schule Ruhrbr\u00fccke, ab 1959 Herr Valentin, danach Herr Diehl, der nach 1968\/69 nach Sprockh\u00f6vel ging. Das neue Schulgeb\u00e4ude auf dem H\u00f6henr\u00fccken \u201eLangehorst\u201c hie\u00df seit dem 06. 10. 1961 Volksschule Oberwinzerfeld.<\/p>\n<p>Am 01.09.1963 ging aus der Volksschule St\u00e4dt. Gem.-Schule Oberwinzerfeld, die auch bestehen blieb, im gleichen Geb\u00e4ude die Volksschule St\u00e4dt. Gem.-Schule Langehorst hervor, deren erster Rektor Herr G\u00fcnther Hautkappe ab 09.09.1964 war. Bis zu diesem Zeitpunkt wurde die Schule nacheinander kommissarisch von zwei Lehrern geleitet. Konrektorin war seit 01. 04. 1965 Frau Erika Rittermeier, die 1986 in Pension ging. Nachfolgerin wurde Frau Elke Hansen. Diese Schule war f\u00fcr die Kinder des Rauendahl gedacht, in dem es noch kein Schulgeb\u00e4ude gab (seit 1925, als die dortige Schule aufgegeben wurde).<\/p>\n<p>Die St\u00e4dt. Gem.-Schule Oberwinzerfeld leitete Herr Diehl bis 1968\/69. Nach der Schulreform von 1969, die die Volksschule ab 1969\/70 in die Grundschule und die Hauptschule aufsplittete, leitete Herr Eberhard Schulte die aus den Oberstufen der beiden VS hervorgegangene Hauptschule Langehorst, Herr G\u00fcnther Hautkappe leitete sowohl die Grundschule Oberwinzerfeld als auch die Grundschule Langehorst, die beide im gleichen Geb\u00e4ude untergebracht waren. Nach einem Jahr wechselte er in die Seminarleitung und war danach Schulrat in Herne.<\/p>\n<p>Ab dem 28. 03 1974 wurde die HS Langehorst in Hauptschule Oberwinzerfeld umbenannt, damit sie nicht mit der HS Horstschule in Welper (Anschrift: Lange Horst 10, Eingemeindung 1970) verwechselt wurde.<\/p>\n<p>Die GS Langehorst sollte die Kinder beschulen, die im Rauendahl wohnten. Die GS Oberwinzerfeld nahm die Kinder aus Winz und Baak bis zur Bochumer Stra\u00dfe auf. In die HS Oberwinzerfeld gingen alle Kinder aus den Klassen 5-9.<\/p>\n<p>Herr Schulte blieb bis Dezember 1978 Rektor der HS, w\u00e4hrend die Konrektorin, Frau Erika Rittermeier, die Schule bis Ende des Schuljahres 1978\/1979 leitete. Danach war Herr Schulte Schulrat in Dortmund.<\/p>\n<p>Herr Go\u00dfmann \u00fcbernahm das Amt des Rektors am 01.08.1979. Er kam von der HS Niederwenigern und wechselte 1988, zwei Jahre vor Aufl\u00f6sung der HS Oberwinzerfeld im Jahre 1990, als Schulleiter der Hauptschule im neu erbauten Schulzentrum nach Holthausen. Die letzten zwei Jahre, von 1988 bis 1990 f\u00fchrte die Konrektorin Frau Hansen die HS Oberwinzerfeld.<\/p>\n<p>In jenen Jahren wurden f\u00fcr die neu errichtete Gesamtschule in Welper (Geb\u00e4ude der ehemaligen HS Horstschule und W-Borchert-Realschule) vier Hattinger Hauptschulen geopfert: HS Niederwenigern, HS Oberwinzerfeld, HS Horstschule und HS Bruchtor.<\/p>\n<p>Ab 16. 06. 1969 war Herr Heinz Stens, er kam aus Bredenscheid, f\u00fcr 6 Jahre Rektor der GS Oberwinzerfeld. Herr T\u00f6rber \u00fcbernahm zum gleichen Zeitpunkt die GS Langehorst. Herr Stens war ab 01. 09.1975 bis 1983 Schulrat in Dortmund.<\/p>\n<p>Herr T\u00f6rber leitete die GS Langehorst (seit 01.08.1976 = GS Rauendahl), davon das letzte Jahr schon im neuen Geb\u00e4ude, bis 1977.<\/p>\n<p>Sein Nachfolger wurde f\u00fcr 10 Jahre Herr Manfred Kapust (1977-1987). F\u00fcr weitere 11 Jahre (1987-98) leitete Frau Angela Potthast die GS Rauendahl. Jetzt ist Frau Ute Wachkamp deren Schulleiterin. Im Jahr 2012 wurde die GS Rauendahl geschlossen. Die Sch\u00fcler\/Innen besuchen nun die GGS Oberwinzerfeld.<\/p>\n<p>F\u00fcr Herrn Stens \u00fcbernahm Herr Fritz L\u00f6bbecke aus Niederwenigern (GS Winzermark) ab 1976 die Leitung der GS Oberwinzerfeld. Er ging 1993 in den Ruhestand. Seitdem ist Harri Petras Schulleiter dieser GS (Ernennung zum Rektor erst 1994, ein Jahr Bef\u00f6rderungssperre). Ab 1. Februar 2005 leitet Herr Wolfgang Kaiser (bisher Nikolaus-Gro\u00df-Grundschule Niederwenigern) die GGS Oberwinzerfeld.<\/p>\n<p>Seit April 2012 leitet Barbara Bickert-Brenneken(bisher Konrektorin an der St\u00e4dt. Gemeinschaftshauptschule Hattingen) gemeinsam mit Michaela Kalsow die GGS Oberwinzerfeld.<\/p>\n","protected":false},"excerpt":{"rendered":"<p>Baujahr der Schule 1961Das Geb\u00e4ude der GGS Oberwinzerfeld wurde 1961 bezogen, das der ehem. GHS 1963. Gr\u00fcndung der GS 1968Die Stadt Hattingen baute hier auf dem H\u00f6henr\u00fccken \u201eLangehorst\u201c ab 1960 die Volksschule Oberwinzerfeld als Nachfolgegeb\u00e4ude der alten \u201eVolksschule (St\u00e4dt. Gemeinschaftsschule) &hellip; <a class=\"more-link\" href=\"https:\/\/www.ggs-oberwinzerfeld.de\/?page_id=20\">Weiterlesen <span class=\"meta-nav\">&rarr;<\/span><\/a><\/p>\n","protected":false},"author":1,"featured_media":0,"parent":7,"menu_order":0,"comment_status":"closed","ping_status":"closed","template":"","meta":[],"_links":{"self":[{"href":"https:\/\/www.ggs-oberwinzerfeld.de\/index.php?rest_route=\/wp\/v2\/pages\/20"}],"collection":[{"href":"https:\/\/www.ggs-oberwinzerfeld.de\/index.php?rest_route=\/wp\/v2\/pages"}],"about":[{"href":"https:\/\/www.ggs-oberwinzerfeld.de\/index.php?rest_route=\/wp\/v2\/types\/page"}],"author":[{"embeddable":true,"href":"https:\/\/www.ggs-oberwinzerfeld.de\/index.php?rest_route=\/wp\/v2\/users\/1"}],"replies":[{"embeddable":true,"href":"https:\/\/www.ggs-oberwinzerfeld.de\/index.php?rest_route=%2Fwp%2Fv2%2Fcomments&post=20"}],"version-history":[{"count":3,"href":"https:\/\/www.ggs-oberwinzerfeld.de\/index.php?rest_route=\/wp\/v2\/pages\/20\/revisions"}],"predecessor-version":[{"id":126,"href":"https:\/\/www.ggs-oberwinzerfeld.de\/index.php?rest_route=\/wp\/v2\/pages\/20\/revisions\/126"}],"up":[{"embeddable":true,"href":"https:\/\/www.ggs-oberwinzerfeld.de\/index.php?rest_route=\/wp\/v2\/pages\/7"}],"wp:attachment":[{"href":"https:\/\/www.ggs-oberwinzerfeld.de\/index.php?rest_route=%2Fwp%2Fv2%2Fmedia&parent=20"}],"curies":[{"name":"wp","href":"https:\/\/api.w.org\/{rel}","templated":true}]}}